{"id":201,"date":"2025-10-13T13:22:58","date_gmt":"2025-10-13T13:22:58","guid":{"rendered":"https:\/\/www.jannvanbrugge.com\/?page_id=201"},"modified":"2025-10-13T13:31:33","modified_gmt":"2025-10-13T13:31:33","slug":"les-chaines-de-venise","status":"publish","type":"page","link":"https:\/\/www.jannvanbrugge.com\/index.php\/les-chaines-de-venise\/","title":{"rendered":"Les chaines de Venise"},"content":{"rendered":"\n<p>On arrive \u00e0 Venise comme on entre dans un r\u00eave.<\/p>\n\n\n\n<p>On croit qu\u2019on va simplement la visiter \u2014 qu\u2019on marchera, qu\u2019on regardera, qu\u2019on repartira.<br>Mais Venise ne se visite pas : elle vous attend, vous observe, vous choisit.<br>Et lorsque ses eaux vous refl\u00e8tent pour la premi\u00e8re fois, il est d\u00e9j\u00e0 trop tard.<\/p>\n\n\n\n<p>Peut-\u00eatre penserez-vous lui \u00e9chapper,<br>mais plus s\u00fbrement encore, vous y serez encha\u00een\u00e9 \u00e0 jamais \u2014<br>comme tant d\u2019autres avant vous, s\u00e9duits, conquis, perdus.<\/p>\n\n\n\n<p>Chopin et George Sand y ont m\u00eal\u00e9 leurs passions et leurs fi\u00e8vres,<br>Byron y a laiss\u00e9 courir ses chevaux et son c\u0153ur,<br>Hemingway y a noy\u00e9 quelques souvenirs,<br>Jean d\u2019Ormesson y a trouv\u00e9 le sourire d\u2019un dernier amour,<br>et tant d\u2019anonymes y ont laiss\u00e9 une part d\u2019eux-m\u00eames,<br>dans la brume d\u2019un matin ou le silence d\u2019un quai d\u00e9sert.<\/p>\n\n\n\n<p>Car Venise n\u2019est pas une ville : c\u2019est un sortil\u00e8ge.<br>Une promesse d\u2019\u00e9ternit\u00e9 qui se glisse entre les pav\u00e9s,<br>dans le bruit d\u2019une cha\u00eene, le souffle d\u2019un canal,<br>ou le regard d\u2019une femme assise face \u00e0 la lagune.<\/p>\n\n\n\n<figure class=\"wp-block-image size-large\"><img loading=\"lazy\" decoding=\"async\" width=\"683\" height=\"1024\" src=\"https:\/\/www.jannvanbrugge.com\/wp-content\/uploads\/2025\/10\/E3F892B3-3363-4A2D-A3E6-67144550FA87-683x1024.jpg\" alt=\"\" class=\"wp-image-202\" srcset=\"https:\/\/www.jannvanbrugge.com\/wp-content\/uploads\/2025\/10\/E3F892B3-3363-4A2D-A3E6-67144550FA87-683x1024.jpg 683w, https:\/\/www.jannvanbrugge.com\/wp-content\/uploads\/2025\/10\/E3F892B3-3363-4A2D-A3E6-67144550FA87-200x300.jpg 200w, https:\/\/www.jannvanbrugge.com\/wp-content\/uploads\/2025\/10\/E3F892B3-3363-4A2D-A3E6-67144550FA87.jpg 737w\" sizes=\"auto, (max-width: 683px) 100vw, 683px\" \/><\/figure>\n\n\n\n<p><em><a href=\"https:\/\/www.digiproof.com\/0223-F502-G93-612\">Digiproof 0223-F502-G93-612<\/a><\/em><\/p>\n","protected":false},"excerpt":{"rendered":"<p>On arrive \u00e0 Venise comme on entre dans un r\u00eave. On croit qu\u2019on va simplement la visiter \u2014 qu\u2019on marchera, qu\u2019on regardera, qu\u2019on repartira.Mais Venise ne se visite pas : elle vous attend, vous observe, vous choisit.Et lorsque ses eaux vous refl\u00e8tent pour la premi\u00e8re fois, il est d\u00e9j\u00e0 trop tard. Peut-\u00eatre penserez-vous lui \u00e9chapper,mais [&hellip;]<\/p>\n","protected":false},"author":2,"featured_media":0,"parent":0,"menu_order":0,"comment_status":"closed","ping_status":"closed","template":"","meta":{"footnotes":""},"class_list":["post-201","page","type-page","status-publish","hentry"],"aioseo_notices":[],"_links":{"self":[{"href":"https:\/\/www.jannvanbrugge.com\/index.php\/wp-json\/wp\/v2\/pages\/201","targetHints":{"allow":["GET"]}}],"collection":[{"href":"https:\/\/www.jannvanbrugge.com\/index.php\/wp-json\/wp\/v2\/pages"}],"about":[{"href":"https:\/\/www.jannvanbrugge.com\/index.php\/wp-json\/wp\/v2\/types\/page"}],"author":[{"embeddable":true,"href":"https:\/\/www.jannvanbrugge.com\/index.php\/wp-json\/wp\/v2\/users\/2"}],"replies":[{"embeddable":true,"href":"https:\/\/www.jannvanbrugge.com\/index.php\/wp-json\/wp\/v2\/comments?post=201"}],"version-history":[{"count":3,"href":"https:\/\/www.jannvanbrugge.com\/index.php\/wp-json\/wp\/v2\/pages\/201\/revisions"}],"predecessor-version":[{"id":208,"href":"https:\/\/www.jannvanbrugge.com\/index.php\/wp-json\/wp\/v2\/pages\/201\/revisions\/208"}],"wp:attachment":[{"href":"https:\/\/www.jannvanbrugge.com\/index.php\/wp-json\/wp\/v2\/media?parent=201"}],"curies":[{"name":"wp","href":"https:\/\/api.w.org\/{rel}","templated":true}]}}