{"id":187,"date":"2025-10-08T13:29:35","date_gmt":"2025-10-08T13:29:35","guid":{"rendered":"https:\/\/www.jannvanbrugge.com\/?page_id=187"},"modified":"2025-10-08T14:02:47","modified_gmt":"2025-10-08T14:02:47","slug":"amours-et-amities","status":"publish","type":"page","link":"https:\/\/www.jannvanbrugge.com\/index.php\/amours-et-amities\/","title":{"rendered":"Amours et amiti\u00e9s"},"content":{"rendered":"\n<figure class=\"wp-block-image size-large\"><img loading=\"lazy\" decoding=\"async\" width=\"843\" height=\"1024\" src=\"https:\/\/www.jannvanbrugge.com\/wp-content\/uploads\/2025\/10\/IMG_7455-1-843x1024.jpg\" alt=\"\" class=\"wp-image-190\" srcset=\"https:\/\/www.jannvanbrugge.com\/wp-content\/uploads\/2025\/10\/IMG_7455-1-843x1024.jpg 843w, https:\/\/www.jannvanbrugge.com\/wp-content\/uploads\/2025\/10\/IMG_7455-1-247x300.jpg 247w, https:\/\/www.jannvanbrugge.com\/wp-content\/uploads\/2025\/10\/IMG_7455-1-768x933.jpg 768w, https:\/\/www.jannvanbrugge.com\/wp-content\/uploads\/2025\/10\/IMG_7455-1-1264x1536.jpg 1264w, https:\/\/www.jannvanbrugge.com\/wp-content\/uploads\/2025\/10\/IMG_7455-1-1685x2048.jpg 1685w, https:\/\/www.jannvanbrugge.com\/wp-content\/uploads\/2025\/10\/IMG_7455-1-1170x1422.jpg 1170w\" sizes=\"auto, (max-width: 843px) 100vw, 843px\" \/><\/figure>\n\n\n\n<h3 class=\"wp-block-heading\">L<strong>e marin et l\u2019infirmi\u00e8re<\/strong><\/h3>\n\n\n\n<p>Au d\u00e9tour d\u2019une ruelle v\u00e9nitienne, ils se sont trouv\u00e9s \u2014 deux \u00e2mes costum\u00e9es, un marin et une infirmi\u00e8re, rejouant la tendresse \u00e9ternelle des adieux et des retrouvailles.<br>Sous leurs uniformes d\u2019un autre temps, Venise suspend le temps.<br>Leurs regards se fr\u00f4lent, leurs fronts se touchent : il n\u2019y a plus de jeu, plus de masque, seulement la douceur d\u2019un instant vrai.<br>Dans le tumulte du carnaval, l\u2019amour reprend sa place \u2014 discret, sinc\u00e8re, infini.<\/p>\n\n\n\n<p>Venise &#8211; Italie 2025<br><a href=\"https:\/\/www.digiproof.com\/0241-F502-G29-720\">Digiproof 241-F502-G29-720<\/a><\/p>\n\n\n\n<p><\/p>\n\n\n\n<p><\/p>\n\n\n\n<p><\/p>\n\n\n\n<figure class=\"wp-block-image size-large\"><img loading=\"lazy\" decoding=\"async\" width=\"816\" height=\"1024\" src=\"https:\/\/www.jannvanbrugge.com\/wp-content\/uploads\/2025\/10\/IMG_7460-1-816x1024.jpg\" alt=\"\" class=\"wp-image-191\" srcset=\"https:\/\/www.jannvanbrugge.com\/wp-content\/uploads\/2025\/10\/IMG_7460-1-816x1024.jpg 816w, https:\/\/www.jannvanbrugge.com\/wp-content\/uploads\/2025\/10\/IMG_7460-1-239x300.jpg 239w, https:\/\/www.jannvanbrugge.com\/wp-content\/uploads\/2025\/10\/IMG_7460-1-768x963.jpg 768w, https:\/\/www.jannvanbrugge.com\/wp-content\/uploads\/2025\/10\/IMG_7460-1-1225x1536.jpg 1225w, https:\/\/www.jannvanbrugge.com\/wp-content\/uploads\/2025\/10\/IMG_7460-1-1633x2048.jpg 1633w, https:\/\/www.jannvanbrugge.com\/wp-content\/uploads\/2025\/10\/IMG_7460-1-1170x1468.jpg 1170w, https:\/\/www.jannvanbrugge.com\/wp-content\/uploads\/2025\/10\/IMG_7460-1.jpg 1954w\" sizes=\"auto, (max-width: 816px) 100vw, 816px\" \/><\/figure>\n\n\n\n<h3 class=\"wp-block-heading\"><strong>Les amants de papier<\/strong><\/h3>\n\n\n\n<p>Sous les murs anciens de Venise, ils posent comme deux figures d\u00e9coup\u00e9es dans une vieille revue.<br>Leur maquillage, presque fig\u00e9, brouille la fronti\u00e8re entre chair et image.<br>Sont-ils deux \u00eatres vivants ou deux personnages \u00e9chapp\u00e9s d\u2019un r\u00eave de cin\u00e9ma ?<br>Dans leur regard, quelque chose h\u00e9site \u2014 entre le jeu et la tendresse, entre le pass\u00e9 et le pr\u00e9sent.<br>Le carnaval, une fois encore, r\u00e9v\u00e8le ce qu\u2019il cache : la fragilit\u00e9 des visages et la puissance des illusions partag\u00e9es.<\/p>\n\n\n\n<p>Venise &#8211; Italie 2025<br><a href=\"https:\/\/www.digiproof.com\/0170-F502-G75-944\">Digiproof 0170-F502-G75-944<\/a><\/p>\n\n\n\n<div class=\"wp-block-buttons is-layout-flex wp-block-buttons-is-layout-flex\">\n<div class=\"wp-block-button\"><a class=\"wp-block-button__link wp-element-button\" href=\"https:\/\/www.jannvanbrugge.com\">Home<\/a><\/div>\n<\/div>\n","protected":false},"excerpt":{"rendered":"<p>Le marin et l\u2019infirmi\u00e8re Au d\u00e9tour d\u2019une ruelle v\u00e9nitienne, ils se sont trouv\u00e9s \u2014 deux \u00e2mes costum\u00e9es, un marin et une infirmi\u00e8re, rejouant la tendresse \u00e9ternelle des adieux et des retrouvailles.Sous leurs uniformes d\u2019un autre temps, Venise suspend le temps.Leurs regards se fr\u00f4lent, leurs fronts se touchent : il n\u2019y a plus de jeu, plus [&hellip;]<\/p>\n","protected":false},"author":2,"featured_media":0,"parent":0,"menu_order":0,"comment_status":"closed","ping_status":"closed","template":"","meta":{"footnotes":""},"class_list":["post-187","page","type-page","status-publish","hentry"],"aioseo_notices":[],"_links":{"self":[{"href":"https:\/\/www.jannvanbrugge.com\/index.php\/wp-json\/wp\/v2\/pages\/187","targetHints":{"allow":["GET"]}}],"collection":[{"href":"https:\/\/www.jannvanbrugge.com\/index.php\/wp-json\/wp\/v2\/pages"}],"about":[{"href":"https:\/\/www.jannvanbrugge.com\/index.php\/wp-json\/wp\/v2\/types\/page"}],"author":[{"embeddable":true,"href":"https:\/\/www.jannvanbrugge.com\/index.php\/wp-json\/wp\/v2\/users\/2"}],"replies":[{"embeddable":true,"href":"https:\/\/www.jannvanbrugge.com\/index.php\/wp-json\/wp\/v2\/comments?post=187"}],"version-history":[{"count":5,"href":"https:\/\/www.jannvanbrugge.com\/index.php\/wp-json\/wp\/v2\/pages\/187\/revisions"}],"predecessor-version":[{"id":200,"href":"https:\/\/www.jannvanbrugge.com\/index.php\/wp-json\/wp\/v2\/pages\/187\/revisions\/200"}],"wp:attachment":[{"href":"https:\/\/www.jannvanbrugge.com\/index.php\/wp-json\/wp\/v2\/media?parent=187"}],"curies":[{"name":"wp","href":"https:\/\/api.w.org\/{rel}","templated":true}]}}