{"id":140,"date":"2025-09-22T14:49:13","date_gmt":"2025-09-22T14:49:13","guid":{"rendered":"https:\/\/www.jannvanbrugge.com\/?page_id=140"},"modified":"2025-09-29T10:18:20","modified_gmt":"2025-09-29T10:18:20","slug":"carnaval-de-venise","status":"publish","type":"page","link":"https:\/\/www.jannvanbrugge.com\/index.php\/carnaval-de-venise\/","title":{"rendered":"Carnaval de Venise"},"content":{"rendered":"\n<figure class=\"wp-block-image size-full\"><img loading=\"lazy\" decoding=\"async\" width=\"565\" height=\"565\" src=\"http:\/\/www.jannvanbrugge.com\/wp-content\/uploads\/2025\/09\/carnV3.jpg\" alt=\"\" class=\"wp-image-80\" srcset=\"https:\/\/www.jannvanbrugge.com\/wp-content\/uploads\/2025\/09\/carnV3.jpg 565w, https:\/\/www.jannvanbrugge.com\/wp-content\/uploads\/2025\/09\/carnV3-300x300.jpg 300w, https:\/\/www.jannvanbrugge.com\/wp-content\/uploads\/2025\/09\/carnV3-150x150.jpg 150w\" sizes=\"auto, (max-width: 565px) 100vw, 565px\" \/><\/figure>\n\n\n\n<p>                          <em>Tout y est permis, y compris perdre son \u00e2me<\/em><\/p>\n\n\n\n<p><em><a href=\"https:\/\/www.digiproof.com\/0330-F502-G76-445\">Digiproof 0330-F502-G76-445<\/a><\/em><\/p>\n\n\n\n<p>Le<strong> Carnaval de Venise<\/strong> est une f\u00eate n\u00e9e au Moyen \u00c2ge, quand la S\u00e9r\u00e9nissime R\u00e9publique permettait aux V\u00e9nitiens d\u2019oublier, l\u2019espace de quelques jours, les hi\u00e9rarchies sociales et les contraintes du quotidien. Derri\u00e8re le masque et sous les costumes somptueux, nobles et artisans, riches marchands et humbles marins se retrouvaient \u00e9gaux.<\/p>\n\n\n\n<p>La cit\u00e9, b\u00e2tie sur l\u2019eau et ouverte aux influences du monde entier, devint tr\u00e8s t\u00f4t le th\u00e9\u00e2tre de cette c\u00e9l\u00e9bration unique. Dans ses ruelles \u00e9troites comme sur ses places majestueuses, les bals masqu\u00e9s, les cort\u00e8ges et les repr\u00e9sentations th\u00e9\u00e2trales transformaient Venise en un immense d\u00e9cor de th\u00e9\u00e2tre \u00e0 ciel ouvert.<\/p>\n\n\n\n<p>Apr\u00e8s avoir disparu sous l\u2019interdiction de Napol\u00e9on, le Carnaval rena\u00eet officiellement au XXe si\u00e8cle et s\u2019impose aujourd\u2019hui comme un rendez-vous incontournable. Chaque ann\u00e9e, la lagune se pare \u00e0 nouveau de myst\u00e8re et de faste : gondoles glissant dans la brume, costumes baroques \u00e9clatants de soie et de brocart, masques fig\u00e9s dans un \u00e9ternel sourire \u00e9nigmatique.<\/p>\n\n\n\n<p>Le Carnaval de Venise, c\u2019est l\u2019alliance du r\u00eave et de l\u2019Histoire, un temps suspendu o\u00f9 l\u2019anonymat offre la libert\u00e9, et o\u00f9 la beaut\u00e9 devient un langage universel.<\/p>\n\n\n\n<p><em>Sous le costume le chanteur et musicien Daniel McManus<\/em><br><a href=\"https:\/\/open.spotify.com\/user\/1231670156\">https:\/\/open.spotify.com\/user\/1231670156<\/a><\/p>\n\n\n\n<p><\/p>\n\n\n\n<p><\/p>\n","protected":false},"excerpt":{"rendered":"<p>Tout y est permis, y compris perdre son \u00e2me Digiproof 0330-F502-G76-445 Le Carnaval de Venise est une f\u00eate n\u00e9e au Moyen \u00c2ge, quand la S\u00e9r\u00e9nissime R\u00e9publique permettait aux V\u00e9nitiens d\u2019oublier, l\u2019espace de quelques jours, les hi\u00e9rarchies sociales et les contraintes du quotidien. Derri\u00e8re le masque et sous les costumes somptueux, nobles et artisans, riches marchands [&hellip;]<\/p>\n","protected":false},"author":2,"featured_media":0,"parent":0,"menu_order":0,"comment_status":"closed","ping_status":"closed","template":"","meta":{"footnotes":""},"class_list":["post-140","page","type-page","status-publish","hentry"],"aioseo_notices":[],"_links":{"self":[{"href":"https:\/\/www.jannvanbrugge.com\/index.php\/wp-json\/wp\/v2\/pages\/140","targetHints":{"allow":["GET"]}}],"collection":[{"href":"https:\/\/www.jannvanbrugge.com\/index.php\/wp-json\/wp\/v2\/pages"}],"about":[{"href":"https:\/\/www.jannvanbrugge.com\/index.php\/wp-json\/wp\/v2\/types\/page"}],"author":[{"embeddable":true,"href":"https:\/\/www.jannvanbrugge.com\/index.php\/wp-json\/wp\/v2\/users\/2"}],"replies":[{"embeddable":true,"href":"https:\/\/www.jannvanbrugge.com\/index.php\/wp-json\/wp\/v2\/comments?post=140"}],"version-history":[{"count":8,"href":"https:\/\/www.jannvanbrugge.com\/index.php\/wp-json\/wp\/v2\/pages\/140\/revisions"}],"predecessor-version":[{"id":181,"href":"https:\/\/www.jannvanbrugge.com\/index.php\/wp-json\/wp\/v2\/pages\/140\/revisions\/181"}],"wp:attachment":[{"href":"https:\/\/www.jannvanbrugge.com\/index.php\/wp-json\/wp\/v2\/media?parent=140"}],"curies":[{"name":"wp","href":"https:\/\/api.w.org\/{rel}","templated":true}]}}